{"id":151,"date":"2019-12-10T20:53:02","date_gmt":"2019-12-11T02:53:02","guid":{"rendered":"http:\/\/fluidostecnicos.com.mx\/web\/?page_id=151"},"modified":"2019-12-10T20:53:02","modified_gmt":"2019-12-11T02:53:02","slug":"aviso-de-privacidad","status":"publish","type":"page","link":"http:\/\/fluidostecnicos.com.mx\/web\/aviso-de-privacidad\/","title":{"rendered":"Aviso de Privacidad"},"content":{"rendered":"<div class=\"wpb-content-wrapper\"><p>[vc_row][vc_column width=\u00bb1\/4&#8243;][\/vc_column][vc_column width=\u00bb1\/2&#8243;][vc_column_text]La informaci\u00f3n contenida en esta p\u00e1gina es confidencial y privilegios de FLUIDOS TECNICOS, S.A. DE C.V. El uso, distribuci\u00f3n o copiado de la informaci\u00f3n adjunta est\u00e1 estrictamente prohibida su indebida difusi\u00f3n. El uso no autorizado est\u00e1 considerado como delito.[\/vc_column_text][\/vc_column][vc_column width=\u00bb1\/4&#8243;][\/vc_column][\/vc_row]<\/p>\n<\/div>","protected":false},"excerpt":{"rendered":"<p>[vc_row][vc_column width=\u00bb1\/4&#8243;][\/vc_column][vc_column width=\u00bb1\/2&#8243;][vc_column_text]La informaci\u00f3n contenida en esta p\u00e1gina es confidencial y privilegios de FLUIDOS TECNICOS, S.A. DE C.V. El uso, [&hellip;]<\/p>\n","protected":false},"author":1,"featured_media":0,"parent":0,"menu_order":0,"comment_status":"closed","ping_status":"closed","template":"","meta":[],"_links":{"self":[{"href":"http:\/\/fluidostecnicos.com.mx\/web\/wp-json\/wp\/v2\/pages\/151"}],"collection":[{"href":"http:\/\/fluidostecnicos.com.mx\/web\/wp-json\/wp\/v2\/pages"}],"about":[{"href":"http:\/\/fluidostecnicos.com.mx\/web\/wp-json\/wp\/v2\/types\/page"}],"author":[{"embeddable":true,"href":"http:\/\/fluidostecnicos.com.mx\/web\/wp-json\/wp\/v2\/users\/1"}],"replies":[{"embeddable":true,"href":"http:\/\/fluidostecnicos.com.mx\/web\/wp-json\/wp\/v2\/comments?post=151"}],"version-history":[{"count":1,"href":"http:\/\/fluidostecnicos.com.mx\/web\/wp-json\/wp\/v2\/pages\/151\/revisions"}],"predecessor-version":[{"id":153,"href":"http:\/\/fluidostecnicos.com.mx\/web\/wp-json\/wp\/v2\/pages\/151\/revisions\/153"}],"wp:attachment":[{"href":"http:\/\/fluidostecnicos.com.mx\/web\/wp-json\/wp\/v2\/media?parent=151"}],"curies":[{"name":"wp","href":"https:\/\/api.w.org\/{rel}","templated":true}]}}